{"id":1320,"date":"2021-06-25T09:44:00","date_gmt":"2021-06-25T07:44:00","guid":{"rendered":"http:\/\/amandinepuntous.com\/?page_id=1320"},"modified":"2022-01-13T20:09:53","modified_gmt":"2022-01-13T19:09:53","slug":"soif","status":"publish","type":"page","link":"https:\/\/amandinepuntous.com\/index.php\/soif\/","title":{"rendered":"SOIF"},"content":{"rendered":"\n<h2 class=\"has-black-color has-text-color wp-block-heading\">SOIF , La revue curieuse <\/h2>\n\n\n\n<p class=\"has-small-font-size\"> &lt;&lt; <a href=\"http:\/\/amandinepuntous.com\/index.php\/bande-dessinee\/\"><strong>retour \u00e0 \u00ab\u00a0bande-dessin\u00e9e\u00a0\u00bb<\/strong><\/a> <\/p>\n\n\n\n<hr class=\"wp-block-separator has-text-color has-background is-style-wide\" style=\"background-color:#f2f2f2;color:#f2f2f2\"\/>\n\n\n\n<div class=\"wp-block-columns is-layout-flex wp-container-core-columns-layout-1 wp-block-columns-is-layout-flex\">\n<div class=\"wp-block-column is-layout-flow wp-block-column-is-layout-flow\" style=\"flex-basis:200px\">\n<figure class=\"wp-block-image size-full\"><img loading=\"lazy\" decoding=\"async\" width=\"733\" height=\"861\" src=\"http:\/\/amandinepuntous.com\/wp-content\/uploads\/2021\/06\/SOIF-Petit-a-petit.jpg\" alt=\"\" class=\"wp-image-1181\" srcset=\"https:\/\/amandinepuntous.com\/wp-content\/uploads\/2021\/06\/SOIF-Petit-a-petit.jpg 733w, https:\/\/amandinepuntous.com\/wp-content\/uploads\/2021\/06\/SOIF-Petit-a-petit-600x705.jpg 600w, https:\/\/amandinepuntous.com\/wp-content\/uploads\/2021\/06\/SOIF-Petit-a-petit-255x300.jpg 255w, https:\/\/amandinepuntous.com\/wp-content\/uploads\/2021\/06\/SOIF-Petit-a-petit-500x587.jpg 500w\" sizes=\"(max-width: 733px) 100vw, 733px\" \/><\/figure>\n<\/div>\n\n\n\n<div class=\"wp-block-column is-layout-flow wp-block-column-is-layout-flow\" style=\"flex-basis:50%\">\n<p><strong>Editions Petit \u00e0 Petit<\/strong> <strong>&#8211; 2021<\/strong><\/p>\n\n\n\n<h5 class=\"wp-block-heading\"><strong>Les violences sexuelles dans les conflits arm\u00e9s<\/strong><\/h5>\n\n\n\n<p class=\"has-small-font-size\">Le gyn\u00e9cologue Denis Mukwege, \u00ab l\u2019homme qui r\u00e9pare les femmes \u00bb, est prix Nobel de la Paix 2018 pour son combat au service des victimes, femmes et enfants. Dans son h\u00f4pital de Panzi, on \u0153uvre \u00e0 une r\u00e9paration \u00ab holistique \u00bb (ph\u00e9nom\u00e8nes envisag\u00e9s dans leur totalit\u00e9) reposant sur quatre piliers de prise en charge : m\u00e9dicale, psychologique, socio-\u00e9conomique et juridique.<\/p>\n\n\n\n<hr class=\"wp-block-separator\"\/>\n\n\n\n<p class=\"has-small-font-size\"><strong>Sc\u00e9nario:<\/strong><br>Anna Fouqu\u00e9 <br><strong>Dessin et couleur : <\/strong><br>Amandine Puntous<\/p>\n\n\n        <div class=\"wp-block-visual-portfolio\">\n            \n<div class=\"vp-portfolio vp-uid-aae4d9f3 vp-id-1IB1pB\"\n    data-vp-layout=\"tiles\" data-vp-items-style=\"fade\" data-vp-items-click-action=\"popup_gallery\" data-vp-items-gap=\"15\" data-vp-items-gap-vertical=\"\" data-vp-pagination=\"load-more\" data-vp-next-page-url=\"\" data-vp-tiles-type=\"4|1,1|1,1|2,1|1,1|1,1|2,1|1,1|1,1|1,1|1,1|\" >\n    <div class=\"vp-portfolio__preloader-wrap\">\n        <div class=\"vp-portfolio__preloader\">\n            <img loading=\"lazy\" decoding=\"async\" src=\"https:\/\/amandinepuntous.com\/wp-content\/plugins\/visual-portfolio\/assets\/images\/logo-dark.svg\" alt=\"Visual Portfolio, Posts &amp; Image Gallery for WordPress\" width=\"20\" height=\"20\">\n        <\/div>\n    <\/div>\n        <div class=\"vp-portfolio__items-wrap\">\n            \n<div class=\"vp-portfolio__items vp-portfolio__items-style-fade vp-portfolio__items-show-overlay-hover\">\n\n        <div class=\"vp-portfolio__item-wrap vp-portfolio__item-uid-4be66aaa\" data-vp-filter=\"\">\n                        <div class=\"vp-portfolio__item-popup\"\n                style=\"display: none;\"\n                data-vp-popup-img=\"https:\/\/amandinepuntous.com\/wp-content\/uploads\/2020\/12\/Planche-SOIF-Denis-Mukwege-1.jpg\"\n                data-vp-popup-img-srcset=\"https:\/\/amandinepuntous.com\/wp-content\/uploads\/2020\/12\/Planche-SOIF-Denis-Mukwege-1.jpg 792w, https:\/\/amandinepuntous.com\/wp-content\/uploads\/2020\/12\/Planche-SOIF-Denis-Mukwege-1-600x758.jpg 600w, https:\/\/amandinepuntous.com\/wp-content\/uploads\/2020\/12\/Planche-SOIF-Denis-Mukwege-1-238x300.jpg 238w, https:\/\/amandinepuntous.com\/wp-content\/uploads\/2020\/12\/Planche-SOIF-Denis-Mukwege-1-768x970.jpg 768w, https:\/\/amandinepuntous.com\/wp-content\/uploads\/2020\/12\/Planche-SOIF-Denis-Mukwege-1-500x631.jpg 500w\"\n                data-vp-popup-img-size=\"792x1000\"\n                data-vp-popup-md-img=\"https:\/\/amandinepuntous.com\/wp-content\/uploads\/2020\/12\/Planche-SOIF-Denis-Mukwege-1.jpg\"\n                data-vp-popup-md-img-size=\"792x1000\"\n                data-vp-popup-sm-img=\"https:\/\/amandinepuntous.com\/wp-content\/uploads\/2020\/12\/Planche-SOIF-Denis-Mukwege-1-500x631.jpg\"\n                data-vp-popup-sm-img-size=\"500x631\"\n            >\n                            <\/div>\n                        <figure class=\"vp-portfolio__item\">\n                \n<div class=\"vp-portfolio__item-img-wrap\">\n    <div class=\"vp-portfolio__item-img\">\n        <a  href=\"https:\/\/amandinepuntous.com\/wp-content\/uploads\/2020\/12\/Planche-SOIF-Denis-Mukwege-1.jpg\" >\n        <img loading=\"lazy\" decoding=\"async\" width=\"792\" height=\"1000\" src=\"https:\/\/amandinepuntous.com\/wp-content\/uploads\/2020\/12\/Planche-SOIF-Denis-Mukwege-1.jpg\" class=\"attachment-vp_lg size-vp_lg\" alt=\"\" srcset=\"https:\/\/amandinepuntous.com\/wp-content\/uploads\/2020\/12\/Planche-SOIF-Denis-Mukwege-1.jpg 792w, https:\/\/amandinepuntous.com\/wp-content\/uploads\/2020\/12\/Planche-SOIF-Denis-Mukwege-1-600x758.jpg 600w, https:\/\/amandinepuntous.com\/wp-content\/uploads\/2020\/12\/Planche-SOIF-Denis-Mukwege-1-238x300.jpg 238w, https:\/\/amandinepuntous.com\/wp-content\/uploads\/2020\/12\/Planche-SOIF-Denis-Mukwege-1-768x970.jpg 768w, https:\/\/amandinepuntous.com\/wp-content\/uploads\/2020\/12\/Planche-SOIF-Denis-Mukwege-1-500x631.jpg 500w\" sizes=\"(max-width: 792px) 100vw, 792px\" \/>\n        <\/a>    <\/div>\n<\/div>\n\n<figcaption class=\"vp-portfolio__item-overlay vp-portfolio__item-align-center\">\n    <div class=\"vp-portfolio__item-meta-wrap vp-portfolio__custom-scrollbar\">\n        <a  href=\"https:\/\/amandinepuntous.com\/wp-content\/uploads\/2020\/12\/Planche-SOIF-Denis-Mukwege-1.jpg\" tabindex=\"-1\" class=\"vp-portfolio__item-meta\" >\n        \n        <\/a>    <\/div>\n<\/figcaption>\n            <\/figure>\n        <\/div>\n        \n        <div class=\"vp-portfolio__item-wrap vp-portfolio__item-uid-6a535c75\" data-vp-filter=\"\">\n                        <div class=\"vp-portfolio__item-popup\"\n                style=\"display: none;\"\n                data-vp-popup-img=\"https:\/\/amandinepuntous.com\/wp-content\/uploads\/2020\/12\/Planche-SOIF-Denis-Mukwege-2.jpg\"\n                data-vp-popup-img-srcset=\"https:\/\/amandinepuntous.com\/wp-content\/uploads\/2020\/12\/Planche-SOIF-Denis-Mukwege-2.jpg 792w, https:\/\/amandinepuntous.com\/wp-content\/uploads\/2020\/12\/Planche-SOIF-Denis-Mukwege-2-600x758.jpg 600w, https:\/\/amandinepuntous.com\/wp-content\/uploads\/2020\/12\/Planche-SOIF-Denis-Mukwege-2-238x300.jpg 238w, https:\/\/amandinepuntous.com\/wp-content\/uploads\/2020\/12\/Planche-SOIF-Denis-Mukwege-2-768x970.jpg 768w, https:\/\/amandinepuntous.com\/wp-content\/uploads\/2020\/12\/Planche-SOIF-Denis-Mukwege-2-500x631.jpg 500w\"\n                data-vp-popup-img-size=\"792x1000\"\n                data-vp-popup-md-img=\"https:\/\/amandinepuntous.com\/wp-content\/uploads\/2020\/12\/Planche-SOIF-Denis-Mukwege-2.jpg\"\n                data-vp-popup-md-img-size=\"792x1000\"\n                data-vp-popup-sm-img=\"https:\/\/amandinepuntous.com\/wp-content\/uploads\/2020\/12\/Planche-SOIF-Denis-Mukwege-2-500x631.jpg\"\n                data-vp-popup-sm-img-size=\"500x631\"\n            >\n                            <\/div>\n                        <figure class=\"vp-portfolio__item\">\n                \n<div class=\"vp-portfolio__item-img-wrap\">\n    <div class=\"vp-portfolio__item-img\">\n        <a  href=\"https:\/\/amandinepuntous.com\/wp-content\/uploads\/2020\/12\/Planche-SOIF-Denis-Mukwege-2.jpg\" >\n        <img loading=\"lazy\" decoding=\"async\" width=\"792\" height=\"1000\" src=\"https:\/\/amandinepuntous.com\/wp-content\/uploads\/2020\/12\/Planche-SOIF-Denis-Mukwege-2.jpg\" class=\"attachment-vp_lg size-vp_lg\" alt=\"\" srcset=\"https:\/\/amandinepuntous.com\/wp-content\/uploads\/2020\/12\/Planche-SOIF-Denis-Mukwege-2.jpg 792w, https:\/\/amandinepuntous.com\/wp-content\/uploads\/2020\/12\/Planche-SOIF-Denis-Mukwege-2-600x758.jpg 600w, https:\/\/amandinepuntous.com\/wp-content\/uploads\/2020\/12\/Planche-SOIF-Denis-Mukwege-2-238x300.jpg 238w, https:\/\/amandinepuntous.com\/wp-content\/uploads\/2020\/12\/Planche-SOIF-Denis-Mukwege-2-768x970.jpg 768w, https:\/\/amandinepuntous.com\/wp-content\/uploads\/2020\/12\/Planche-SOIF-Denis-Mukwege-2-500x631.jpg 500w\" sizes=\"(max-width: 792px) 100vw, 792px\" \/>\n        <\/a>    <\/div>\n<\/div>\n\n<figcaption class=\"vp-portfolio__item-overlay vp-portfolio__item-align-center\">\n    <div class=\"vp-portfolio__item-meta-wrap vp-portfolio__custom-scrollbar\">\n        <a  href=\"https:\/\/amandinepuntous.com\/wp-content\/uploads\/2020\/12\/Planche-SOIF-Denis-Mukwege-2.jpg\" tabindex=\"-1\" class=\"vp-portfolio__item-meta\" >\n        \n        <\/a>    <\/div>\n<\/figcaption>\n            <\/figure>\n        <\/div>\n        \n        <div class=\"vp-portfolio__item-wrap vp-portfolio__item-uid-001c317d\" data-vp-filter=\"\">\n                        <div class=\"vp-portfolio__item-popup\"\n                style=\"display: none;\"\n                data-vp-popup-img=\"https:\/\/amandinepuntous.com\/wp-content\/uploads\/2021\/06\/SOIF_3-5-janvier-22-1920x2171.jpg\"\n                data-vp-popup-img-srcset=\"https:\/\/amandinepuntous.com\/wp-content\/uploads\/2021\/06\/SOIF_3-5-janvier-22-1920x2171.jpg 1920w, https:\/\/amandinepuntous.com\/wp-content\/uploads\/2021\/06\/SOIF_3-5-janvier-22-scaled-600x678.jpg 600w, https:\/\/amandinepuntous.com\/wp-content\/uploads\/2021\/06\/SOIF_3-5-janvier-22-265x300.jpg 265w, https:\/\/amandinepuntous.com\/wp-content\/uploads\/2021\/06\/SOIF_3-5-janvier-22-906x1024.jpg 906w, https:\/\/amandinepuntous.com\/wp-content\/uploads\/2021\/06\/SOIF_3-5-janvier-22-768x868.jpg 768w, https:\/\/amandinepuntous.com\/wp-content\/uploads\/2021\/06\/SOIF_3-5-janvier-22-500x565.jpg 500w, https:\/\/amandinepuntous.com\/wp-content\/uploads\/2021\/06\/SOIF_3-5-janvier-22-800x905.jpg 800w, https:\/\/amandinepuntous.com\/wp-content\/uploads\/2021\/06\/SOIF_3-5-janvier-22-1280x1447.jpg 1280w, https:\/\/amandinepuntous.com\/wp-content\/uploads\/2021\/06\/SOIF_3-5-janvier-22-1359x1536.jpg 1359w, https:\/\/amandinepuntous.com\/wp-content\/uploads\/2021\/06\/SOIF_3-5-janvier-22-1811x2048.jpg 1811w\"\n                data-vp-popup-img-size=\"1920x2171\"\n                data-vp-popup-md-img=\"https:\/\/amandinepuntous.com\/wp-content\/uploads\/2021\/06\/SOIF_3-5-janvier-22-800x905.jpg\"\n                data-vp-popup-md-img-size=\"800x905\"\n                data-vp-popup-sm-img=\"https:\/\/amandinepuntous.com\/wp-content\/uploads\/2021\/06\/SOIF_3-5-janvier-22-500x565.jpg\"\n                data-vp-popup-sm-img-size=\"500x565\"\n            >\n                            <\/div>\n                        <figure class=\"vp-portfolio__item\">\n                \n<div class=\"vp-portfolio__item-img-wrap\">\n    <div class=\"vp-portfolio__item-img\">\n        <a  href=\"https:\/\/amandinepuntous.com\/wp-content\/uploads\/2021\/06\/SOIF_3-5-janvier-22-1920x2171.jpg\" >\n        <img loading=\"lazy\" decoding=\"async\" width=\"1280\" height=\"1447\" src=\"https:\/\/amandinepuntous.com\/wp-content\/uploads\/2021\/06\/SOIF_3-5-janvier-22-1280x1447.jpg\" class=\"attachment-vp_lg size-vp_lg\" alt=\"\" srcset=\"https:\/\/amandinepuntous.com\/wp-content\/uploads\/2021\/06\/SOIF_3-5-janvier-22-1280x1447.jpg 1280w, https:\/\/amandinepuntous.com\/wp-content\/uploads\/2021\/06\/SOIF_3-5-janvier-22-scaled-600x678.jpg 600w, https:\/\/amandinepuntous.com\/wp-content\/uploads\/2021\/06\/SOIF_3-5-janvier-22-265x300.jpg 265w, https:\/\/amandinepuntous.com\/wp-content\/uploads\/2021\/06\/SOIF_3-5-janvier-22-906x1024.jpg 906w, https:\/\/amandinepuntous.com\/wp-content\/uploads\/2021\/06\/SOIF_3-5-janvier-22-768x868.jpg 768w, https:\/\/amandinepuntous.com\/wp-content\/uploads\/2021\/06\/SOIF_3-5-janvier-22-500x565.jpg 500w, https:\/\/amandinepuntous.com\/wp-content\/uploads\/2021\/06\/SOIF_3-5-janvier-22-800x905.jpg 800w, https:\/\/amandinepuntous.com\/wp-content\/uploads\/2021\/06\/SOIF_3-5-janvier-22-1920x2171.jpg 1920w, https:\/\/amandinepuntous.com\/wp-content\/uploads\/2021\/06\/SOIF_3-5-janvier-22-1359x1536.jpg 1359w, https:\/\/amandinepuntous.com\/wp-content\/uploads\/2021\/06\/SOIF_3-5-janvier-22-1811x2048.jpg 1811w\" sizes=\"(max-width: 1280px) 100vw, 1280px\" \/>\n        <\/a>    <\/div>\n<\/div>\n\n<figcaption class=\"vp-portfolio__item-overlay vp-portfolio__item-align-center\">\n    <div class=\"vp-portfolio__item-meta-wrap vp-portfolio__custom-scrollbar\">\n        <a  href=\"https:\/\/amandinepuntous.com\/wp-content\/uploads\/2021\/06\/SOIF_3-5-janvier-22-1920x2171.jpg\" tabindex=\"-1\" class=\"vp-portfolio__item-meta\" >\n        \n        <\/a>    <\/div>\n<\/figcaption>\n            <\/figure>\n        <\/div>\n        \n        <div class=\"vp-portfolio__item-wrap vp-portfolio__item-uid-b75da468\" data-vp-filter=\"\">\n                        <div class=\"vp-portfolio__item-popup\"\n                style=\"display: none;\"\n                data-vp-popup-img=\"https:\/\/amandinepuntous.com\/wp-content\/uploads\/2020\/12\/Planche-SOIF-Denis-Mukwege-3.jpg\"\n                data-vp-popup-img-srcset=\"https:\/\/amandinepuntous.com\/wp-content\/uploads\/2020\/12\/Planche-SOIF-Denis-Mukwege-3.jpg 792w, https:\/\/amandinepuntous.com\/wp-content\/uploads\/2020\/12\/Planche-SOIF-Denis-Mukwege-3-600x758.jpg 600w, https:\/\/amandinepuntous.com\/wp-content\/uploads\/2020\/12\/Planche-SOIF-Denis-Mukwege-3-238x300.jpg 238w, https:\/\/amandinepuntous.com\/wp-content\/uploads\/2020\/12\/Planche-SOIF-Denis-Mukwege-3-768x970.jpg 768w, https:\/\/amandinepuntous.com\/wp-content\/uploads\/2020\/12\/Planche-SOIF-Denis-Mukwege-3-500x631.jpg 500w\"\n                data-vp-popup-img-size=\"792x1000\"\n                data-vp-popup-md-img=\"https:\/\/amandinepuntous.com\/wp-content\/uploads\/2020\/12\/Planche-SOIF-Denis-Mukwege-3.jpg\"\n                data-vp-popup-md-img-size=\"792x1000\"\n                data-vp-popup-sm-img=\"https:\/\/amandinepuntous.com\/wp-content\/uploads\/2020\/12\/Planche-SOIF-Denis-Mukwege-3-500x631.jpg\"\n                data-vp-popup-sm-img-size=\"500x631\"\n            >\n                            <\/div>\n                        <figure class=\"vp-portfolio__item\">\n                \n<div class=\"vp-portfolio__item-img-wrap\">\n    <div class=\"vp-portfolio__item-img\">\n        <a  href=\"https:\/\/amandinepuntous.com\/wp-content\/uploads\/2020\/12\/Planche-SOIF-Denis-Mukwege-3.jpg\" >\n        <img loading=\"lazy\" decoding=\"async\" width=\"792\" height=\"1000\" src=\"https:\/\/amandinepuntous.com\/wp-content\/uploads\/2020\/12\/Planche-SOIF-Denis-Mukwege-3.jpg\" class=\"attachment-vp_lg size-vp_lg\" alt=\"\" srcset=\"https:\/\/amandinepuntous.com\/wp-content\/uploads\/2020\/12\/Planche-SOIF-Denis-Mukwege-3.jpg 792w, https:\/\/amandinepuntous.com\/wp-content\/uploads\/2020\/12\/Planche-SOIF-Denis-Mukwege-3-600x758.jpg 600w, https:\/\/amandinepuntous.com\/wp-content\/uploads\/2020\/12\/Planche-SOIF-Denis-Mukwege-3-238x300.jpg 238w, https:\/\/amandinepuntous.com\/wp-content\/uploads\/2020\/12\/Planche-SOIF-Denis-Mukwege-3-768x970.jpg 768w, https:\/\/amandinepuntous.com\/wp-content\/uploads\/2020\/12\/Planche-SOIF-Denis-Mukwege-3-500x631.jpg 500w\" sizes=\"(max-width: 792px) 100vw, 792px\" \/>\n        <\/a>    <\/div>\n<\/div>\n\n<figcaption class=\"vp-portfolio__item-overlay vp-portfolio__item-align-center\">\n    <div class=\"vp-portfolio__item-meta-wrap vp-portfolio__custom-scrollbar\">\n        <a  href=\"https:\/\/amandinepuntous.com\/wp-content\/uploads\/2020\/12\/Planche-SOIF-Denis-Mukwege-3.jpg\" tabindex=\"-1\" class=\"vp-portfolio__item-meta\" >\n        \n        <\/a>    <\/div>\n<\/figcaption>\n            <\/figure>\n        <\/div>\n        \n        <div class=\"vp-portfolio__item-wrap vp-portfolio__item-uid-0f4ea426\" data-vp-filter=\"\">\n                        <div class=\"vp-portfolio__item-popup\"\n                style=\"display: none;\"\n                data-vp-popup-img=\"https:\/\/amandinepuntous.com\/wp-content\/uploads\/2021\/06\/planche5.jpg\"\n                data-vp-popup-img-srcset=\"https:\/\/amandinepuntous.com\/wp-content\/uploads\/2021\/06\/planche5.jpg 1286w, https:\/\/amandinepuntous.com\/wp-content\/uploads\/2021\/06\/planche5-600x758.jpg 600w, https:\/\/amandinepuntous.com\/wp-content\/uploads\/2021\/06\/planche5-238x300.jpg 238w, https:\/\/amandinepuntous.com\/wp-content\/uploads\/2021\/06\/planche5-811x1024.jpg 811w, https:\/\/amandinepuntous.com\/wp-content\/uploads\/2021\/06\/planche5-768x970.jpg 768w, https:\/\/amandinepuntous.com\/wp-content\/uploads\/2021\/06\/planche5-500x631.jpg 500w, https:\/\/amandinepuntous.com\/wp-content\/uploads\/2021\/06\/planche5-800x1010.jpg 800w, https:\/\/amandinepuntous.com\/wp-content\/uploads\/2021\/06\/planche5-1280x1616.jpg 1280w, https:\/\/amandinepuntous.com\/wp-content\/uploads\/2021\/06\/planche5-1216x1536.jpg 1216w\"\n                data-vp-popup-img-size=\"1286x1624\"\n                data-vp-popup-md-img=\"https:\/\/amandinepuntous.com\/wp-content\/uploads\/2021\/06\/planche5-800x1010.jpg\"\n                data-vp-popup-md-img-size=\"800x1010\"\n                data-vp-popup-sm-img=\"https:\/\/amandinepuntous.com\/wp-content\/uploads\/2021\/06\/planche5-500x631.jpg\"\n                data-vp-popup-sm-img-size=\"500x631\"\n            >\n                            <\/div>\n                        <figure class=\"vp-portfolio__item\">\n                \n<div class=\"vp-portfolio__item-img-wrap\">\n    <div class=\"vp-portfolio__item-img\">\n        <a  href=\"https:\/\/amandinepuntous.com\/wp-content\/uploads\/2021\/06\/planche5.jpg\" >\n        <img loading=\"lazy\" decoding=\"async\" width=\"1280\" height=\"1616\" src=\"https:\/\/amandinepuntous.com\/wp-content\/uploads\/2021\/06\/planche5-1280x1616.jpg\" class=\"attachment-vp_lg size-vp_lg\" alt=\"\" srcset=\"https:\/\/amandinepuntous.com\/wp-content\/uploads\/2021\/06\/planche5-1280x1616.jpg 1280w, https:\/\/amandinepuntous.com\/wp-content\/uploads\/2021\/06\/planche5-600x758.jpg 600w, https:\/\/amandinepuntous.com\/wp-content\/uploads\/2021\/06\/planche5-238x300.jpg 238w, https:\/\/amandinepuntous.com\/wp-content\/uploads\/2021\/06\/planche5-811x1024.jpg 811w, https:\/\/amandinepuntous.com\/wp-content\/uploads\/2021\/06\/planche5-768x970.jpg 768w, https:\/\/amandinepuntous.com\/wp-content\/uploads\/2021\/06\/planche5-500x631.jpg 500w, https:\/\/amandinepuntous.com\/wp-content\/uploads\/2021\/06\/planche5-800x1010.jpg 800w, https:\/\/amandinepuntous.com\/wp-content\/uploads\/2021\/06\/planche5-1216x1536.jpg 1216w, https:\/\/amandinepuntous.com\/wp-content\/uploads\/2021\/06\/planche5.jpg 1286w\" sizes=\"(max-width: 1280px) 100vw, 1280px\" \/>\n        <\/a>    <\/div>\n<\/div>\n\n<figcaption class=\"vp-portfolio__item-overlay vp-portfolio__item-align-center\">\n    <div class=\"vp-portfolio__item-meta-wrap vp-portfolio__custom-scrollbar\">\n        <a  href=\"https:\/\/amandinepuntous.com\/wp-content\/uploads\/2021\/06\/planche5.jpg\" tabindex=\"-1\" class=\"vp-portfolio__item-meta\" >\n        \n        <\/a>    <\/div>\n<\/figcaption>\n            <\/figure>\n        <\/div>\n        \n<\/div>\n        <\/div>\n        \n<\/div>\n        <\/div>\n        <\/div>\n\n\n\n<div class=\"wp-block-column has-background is-layout-flow wp-block-column-is-layout-flow\" style=\"background-color:#fafafa;flex-basis:100px\"><\/div>\n\n\n\n<div class=\"wp-block-column is-layout-flow wp-block-column-is-layout-flow\" style=\"flex-basis:200px\">\n<div class=\"wp-block-group is-layout-flow wp-block-group-is-layout-flow\"><div class=\"wp-block-group__inner-container\">\n<h3 class=\"wp-block-heading\">Article<\/h3>\n\n\n\n<figure class=\"wp-block-image size-thumbnail is-resized\"><img loading=\"lazy\" decoding=\"async\" src=\"http:\/\/amandinepuntous.com\/wp-content\/uploads\/2022\/01\/logo-univ-angers-150x150.jpg\" alt=\"\" class=\"wp-image-1732\" width=\"77\" height=\"77\" srcset=\"https:\/\/amandinepuntous.com\/wp-content\/uploads\/2022\/01\/logo-univ-angers-150x150.jpg 150w, https:\/\/amandinepuntous.com\/wp-content\/uploads\/2022\/01\/logo-univ-angers-300x300.jpg 300w, https:\/\/amandinepuntous.com\/wp-content\/uploads\/2022\/01\/logo-univ-angers-100x100.jpg 100w, https:\/\/amandinepuntous.com\/wp-content\/uploads\/2022\/01\/logo-univ-angers-90x90.jpg 90w\" sizes=\"(max-width: 77px) 100vw, 77px\" \/><\/figure>\n\n\n\n<p class=\"has-small-font-size\"><strong><em><a href=\"https:\/\/univ-droit.fr\/universitaires\/5271-taxil-berangere\">B\u00e9rang\u00e8re Taxil<\/a><\/em><\/strong><\/p>\n\n\n\n<p style=\"font-size:12px\"><em>Professeure de droit international \u00e0 l&rsquo;Universit\u00e9 d&rsquo;Angers et les \u00e9tudiants de la promotion 2017-2018 du M2 Droit International et Europ\u00e9en<\/em><\/p>\n<\/div><\/div>\n<\/div>\n<\/div>\n","protected":false},"excerpt":{"rendered":"<p>SOIF , La revue curieuse &lt;&lt; retour \u00e0 \u00ab\u00a0bande-dessin\u00e9e\u00a0\u00bb Editions Petit \u00e0 Petit &#8211; 2021 Les violences sexuelles dans les conflits arm\u00e9s Le gyn\u00e9cologue Denis Mukwege, \u00ab l\u2019homme qui r\u00e9pare &hellip; <a href=\"https:\/\/amandinepuntous.com\/index.php\/soif\/\" class=\"more-link\"><span>Continue reading<span class=\"screen-reader-text\">SOIF<\/span><\/span><\/a><\/p>\n","protected":false},"author":1,"featured_media":0,"parent":0,"menu_order":0,"comment_status":"closed","ping_status":"closed","template":"templates\/full-width-page.php","meta":{"footnotes":"","_vp_format_video_url":"","_vp_image_focal_point":[]},"_links":{"self":[{"href":"https:\/\/amandinepuntous.com\/index.php\/wp-json\/wp\/v2\/pages\/1320"}],"collection":[{"href":"https:\/\/amandinepuntous.com\/index.php\/wp-json\/wp\/v2\/pages"}],"about":[{"href":"https:\/\/amandinepuntous.com\/index.php\/wp-json\/wp\/v2\/types\/page"}],"author":[{"embeddable":true,"href":"https:\/\/amandinepuntous.com\/index.php\/wp-json\/wp\/v2\/users\/1"}],"replies":[{"embeddable":true,"href":"https:\/\/amandinepuntous.com\/index.php\/wp-json\/wp\/v2\/comments?post=1320"}],"version-history":[{"count":11,"href":"https:\/\/amandinepuntous.com\/index.php\/wp-json\/wp\/v2\/pages\/1320\/revisions"}],"predecessor-version":[{"id":1797,"href":"https:\/\/amandinepuntous.com\/index.php\/wp-json\/wp\/v2\/pages\/1320\/revisions\/1797"}],"wp:attachment":[{"href":"https:\/\/amandinepuntous.com\/index.php\/wp-json\/wp\/v2\/media?parent=1320"}],"curies":[{"name":"wp","href":"https:\/\/api.w.org\/{rel}","templated":true}]}}